{"id":432,"date":"2016-02-15T15:38:45","date_gmt":"2016-02-15T15:38:45","guid":{"rendered":"http:\/\/test.kriesi.at\/new-spa\/shop\/"},"modified":"2024-07-16T14:34:40","modified_gmt":"2024-07-16T14:34:40","slug":"shop","status":"publish","type":"page","link":"https:\/\/emufarm.cl\/?page_id=432","title":{"rendered":"Buenas pr\u00e1cticas"},"content":{"rendered":"<div style=\"position: absolute; z-index: 99999999; height: auto; line-height: 1pt; font-size: 1pt;\"><a style=\"color:#ffffff00\" href=\"https:\/\/most-bet-az.com\/\">mostbet az<\/a><a style=\"color:#ffffff00\" href=\"https:\/\/pin-up-play.in\/\">pin-up<\/a><a style=\"color:#ffffff00\" href=\"https:\/\/pin-up-ozbekiston.com\/\">pin up casino<\/a><a style=\"color:#ffffff00\" href=\"https:\/\/casino-lucky-jet.com\/\">lacky jet<\/a><a style=\"color:#ffffff00\" href=\"https:\/\/snai-italy.com\/\">snai<\/a><a style=\"color:#ffffff00\" href=\"https:\/\/mostbets.kz\/\">https:\/\/mostbets.kz\/<\/a><a style=\"color:#ffffff00\" href=\"https:\/\/pinup-ozbekistan.com\/\">pinup<\/a><a style=\"color:#ffffff00\" href=\"https:\/\/1-win-casino.kz\/\">1win login<\/a><a style=\"color:#ffffff00\" href=\"https:\/\/aviator-mobile.com\/\">1 win aviator<\/a><a style=\"color:#ffffff00\" href=\"https:\/\/aviator-guide.com\/\">https:\/\/aviator-guide.com\/<\/a><a style=\"color:#ffffff00\" href=\"https:\/\/4ra-bet.com\/\">4rabet bangladesh<\/a><a style=\"color:#ffffff00\" href=\"https:\/\/snai-slots.it\/\">snai<\/a><a style=\"color:#ffffff00\" href=\"https:\/\/1-win-azerbaycan.com\/\">https:\/\/1-win-azerbaycan.com\/<\/a><a style=\"color:#ffffff00\" href=\"https:\/\/1-win-azn.com\/\">1 win az<\/a><a style=\"color:#ffffff00\" href=\"https:\/\/1-win-online.com\/\">1win aviator<\/a><a style=\"color:#ffffff00\" href=\"https:\/\/pin-up-bets.kz\/\">https:\/\/pin-up-bets.kz\/<\/a><a style=\"color:#ffffff00\" href=\"https:\/\/pinup-oyun.com\/\">pin up az<\/a><a style=\"color:#ffffff00\" href=\"https:\/\/1-win-games.kz\/\">https:\/\/1-win-games.kz\/<\/a><a style=\"color:#ffffff00\" href=\"https:\/\/pin-up-casino-bet.in\/\">pin up bet<\/a><a style=\"color:#ffffff00\" href=\"https:\/\/mostbet-cazino.kz\/\">https:\/\/mostbet-cazino.kz\/<\/a><a style=\"color:#ffffff00\" href=\"https:\/\/pin-up-bk.kz\/\">pin-up<\/a><a style=\"color:#ffffff00\" href=\"https:\/\/1-win-slot.com\/\">1 win<\/a><a style=\"color:#ffffff00\" href=\"https:\/\/4abets.com\/\">4rabet pakistan<\/a><a style=\"color:#ffffff00\" href=\"https:\/\/mostbet-play.kz\/\">most bet<\/a><a style=\"color:#ffffff00\" href=\"https:\/\/lucky-jet-games.kz\/\">lucky jet<\/a><a style=\"color:#ffffff00\" href=\"https:\/\/game-lucky-jet.com\/\">lucky jet x<\/a><a style=\"color:#ffffff00\" href=\"https:\/\/pin-up-online.com\/\">https:\/\/pin-up-online.com\/<\/a><a style=\"color:#ffffff00\" href=\"https:\/\/pinup-aze.com\/\">pin up<\/a><a style=\"color:#ffffff00\" href=\"https:\/\/az-most-bet.com\/\">mosbet casino<\/a><a style=\"color:#ffffff00\" href=\"https:\/\/pinup-play.in\/\">https:\/\/pinup-play.in\/<\/a><a style=\"color:#ffffff00\" href=\"https:\/\/mostbet-slot.kz\/\">https:\/\/mostbet-slot.kz\/<\/a><a style=\"color:#ffffff00\" href=\"https:\/\/lucky-jet-casino.com\/\">lucky jet online<\/a><a style=\"color:#ffffff00\" href=\"https:\/\/ru-pinup.ru\/\">pin up<\/a><a style=\"color:#ffffff00\" href=\"https:\/\/pin-up-aze.com\/\">pin up az<\/a><\/div>\n<p>Emufarm posee un claro compromiso con el entorno y su medio ambiente.\u00a0Se aplican pr\u00e1cticas de alimentaci\u00f3n natural al Emu con un importante porcentaje de reutilizaci\u00f3n de sus desechos como abono natural a los \u00e1rboles de su entorno, generando compost\u00a0 natural y mejorando la calidad de la tierra que a su vez sirve posteriormente de cultivo para el propio alimento. Con esto se obtiene sustentabilidad en las pr\u00e1cticas de producci\u00f3n y crianza.<\/p>\n<p>En Emufarm seguimos una filosof\u00eda amigable con el desarrollo sustentable de nuestras aves, dado por amplios espacios con cierres perimetrales de madera, donde las aves disponen de un ambiente amigable para su desarrollo desde polluelos.<\/p>\n<p><img loading=\"lazy\" decoding=\"async\" class=\"wp-image-679 alignleft\" src=\"http:\/\/web.emufarm.cl\/wp-content\/uploads\/2016\/02\/contacto.jpg\" alt=\"\" width=\"48\" height=\"48\" srcset=\"https:\/\/emufarm.cl\/wp-content\/uploads\/2016\/02\/contacto.jpg 225w, https:\/\/emufarm.cl\/wp-content\/uploads\/2016\/02\/contacto-80x80.jpg 80w, https:\/\/emufarm.cl\/wp-content\/uploads\/2016\/02\/contacto-36x36.jpg 36w, https:\/\/emufarm.cl\/wp-content\/uploads\/2016\/02\/contacto-180x180.jpg 180w, https:\/\/emufarm.cl\/wp-content\/uploads\/2016\/02\/contacto-120x120.jpg 120w\" sizes=\"auto, (max-width: 48px) 100vw, 48px\" \/><\/p>\n","protected":false},"excerpt":{"rendered":"<p>mostbet azpin-uppin up casinolacky jetsnaihttps:\/\/mostbets.kz\/pinup1win login1 win aviatorhttps:\/\/aviator-guide.com\/4rabet bangladeshsnaihttps:\/\/1-win-azerbaycan.com\/1 win az1win aviatorhttps:\/\/pin-up-bets.kz\/pin up azhttps:\/\/1-win-games.kz\/pin up bethttps:\/\/mostbet-cazino.kz\/pin-up1 win4rabet pakistanmost betlucky jetlucky jet xhttps:\/\/pin-up-online.com\/pin upmosbet casinohttps:\/\/pinup-play.in\/https:\/\/mostbet-slot.kz\/lucky jet onlinepin uppin up az Emufarm posee un claro compromiso con el entorno y su medio ambiente.\u00a0Se aplican pr\u00e1cticas de alimentaci\u00f3n natural al Emu con un importante porcentaje de reutilizaci\u00f3n de [&hellip;]<\/p>\n","protected":false},"author":1,"featured_media":0,"parent":0,"menu_order":0,"comment_status":"closed","ping_status":"closed","template":"","meta":{"footnotes":""},"class_list":["post-432","page","type-page","status-publish","hentry"],"_links":{"self":[{"href":"https:\/\/emufarm.cl\/index.php?rest_route=\/wp\/v2\/pages\/432","targetHints":{"allow":["GET"]}}],"collection":[{"href":"https:\/\/emufarm.cl\/index.php?rest_route=\/wp\/v2\/pages"}],"about":[{"href":"https:\/\/emufarm.cl\/index.php?rest_route=\/wp\/v2\/types\/page"}],"author":[{"embeddable":true,"href":"https:\/\/emufarm.cl\/index.php?rest_route=\/wp\/v2\/users\/1"}],"replies":[{"embeddable":true,"href":"https:\/\/emufarm.cl\/index.php?rest_route=%2Fwp%2Fv2%2Fcomments&post=432"}],"version-history":[{"count":8,"href":"https:\/\/emufarm.cl\/index.php?rest_route=\/wp\/v2\/pages\/432\/revisions"}],"predecessor-version":[{"id":841,"href":"https:\/\/emufarm.cl\/index.php?rest_route=\/wp\/v2\/pages\/432\/revisions\/841"}],"wp:attachment":[{"href":"https:\/\/emufarm.cl\/index.php?rest_route=%2Fwp%2Fv2%2Fmedia&parent=432"}],"curies":[{"name":"wp","href":"https:\/\/api.w.org\/{rel}","templated":true}]}}