{"id":206,"date":"2015-07-14T14:50:10","date_gmt":"2015-07-14T14:50:10","guid":{"rendered":"http:\/\/test.kriesi.at\/minimal-portfolio\/?page_id=9"},"modified":"2024-07-16T14:33:59","modified_gmt":"2024-07-16T14:33:59","slug":"home","status":"publish","type":"page","link":"https:\/\/emufarm.cl\/","title":{"rendered":"Home"},"content":{"rendered":"<\/div><\/div><\/div><!-- close content main div --><\/div><\/div><div id='full_slider_1' class='avia-fullwidth-slider main_color avia-shadow   container_wrap fullsize'   ><div  data-size='no scaling'  data-lightbox_size='large'  data-animation='fade'  data-ids='646,350,608'  data-video_counter='0'  data-autoplay='true'  data-bg_slider='false'  data-slide_height=''  data-handle='av_slideshow_full'  data-interval='3'  data-class=' '  data-css_id=''  data-scroll_down=''  data-control_layout='av-control-minimal'  data-custom_markup=''  data-perma_caption=''  data-autoplay_stopper=''  data-image_attachment=''  data-min_height='0px'  data-src=''  data-position='top left'  data-repeat='no-repeat'  data-attach='scroll'  data-stretch=''  class='avia-slideshow avia-slideshow-1  av-control-minimal av-default-height-applied avia-slideshow-no scaling av_slideshow_full   avia-fade-slider '  itemprop=\"ImageObject\" itemscope=\"itemscope\" itemtype=\"https:\/\/schema.org\/ImageObject\" ><ul class='avia-slideshow-inner' style='padding-bottom: 49.951124144673%;'><li  class=' slide-1 ' ><div data-rel='slideshow-1' class='avia-slide-wrap'  ><img src='https:\/\/emufarm.cl\/wp-content\/uploads\/2018\/10\/emu.jpg' width='1023' height='511' title='' alt=''  itemprop=\"thumbnailUrl\"   \/><\/div><\/li><li  class=' slide-2 ' ><div data-rel='slideshow-1' class='avia-slide-wrap'  ><img src='https:\/\/emufarm.cl\/wp-content\/uploads\/2016\/02\/banner-med3-1.jpg' width='1500' height='720' title='' alt=''  itemprop=\"thumbnailUrl\"   \/><\/div><\/li><li  class=' slide-3 ' ><div data-rel='slideshow-1' class='avia-slide-wrap'  ><img src='https:\/\/emufarm.cl\/wp-content\/uploads\/2016\/02\/incub1.jpg' width='3872' height='2592' title='' alt=''  itemprop=\"thumbnailUrl\"   \/><\/div><\/li><\/ul><div class='avia-slideshow-arrows avia-slideshow-controls'><a href='#prev' class='prev-slide' aria-hidden='true' data-av_icon='\ue87c' data-av_iconfont='entypo-fontello'>Anterior<\/a><a href='#next' class='next-slide' aria-hidden='true' data-av_icon='\ue87d' data-av_iconfont='entypo-fontello'>Posterior<\/a><\/div><div class='avia-slideshow-dots avia-slideshow-controls'><a href='#1' class='goto-slide active' >1<\/a><a href='#2' class='goto-slide ' >2<\/a><a href='#3' class='goto-slide ' >3<\/a><\/div><\/div><\/div>\n<\/div><\/div><\/div><!-- close content main div --><\/div><\/div><div id='av_section_1' class='avia-section main_color avia-section-large avia-no-border-styling avia-bg-style-scroll   container_wrap fullsize' style = 'background-color: #eddcc0; '  ><div class='container' ><div class='template-page content  av-content-full alpha units'><div class='post-entry post-entry-type-page post-entry-206'><div class='entry-content-wrapper clearfix'>\n<div class=\"flex_column av_one_third  av-animated-generic bottom-to-top  flex_column_div av-zero-column-padding first  \" style='border-radius:0px; '><p><div class='avia-image-container  av-styling-no-styling    avia-align-center '  itemprop=\"ImageObject\" itemscope=\"itemscope\" itemtype=\"https:\/\/schema.org\/ImageObject\"  ><div class='avia-image-container-inner'><img class='avia_image ' src='https:\/\/emufarm.cl\/wp-content\/uploads\/2018\/10\/carpaccio-emu-495x400.jpg' alt='' title=''   itemprop=\"thumbnailUrl\"  \/><\/div><\/div><br \/>\n<div style='padding-bottom:10px;' class='av-special-heading av-special-heading-h2  blockquote modern-quote   '><h2 class='av-special-heading-tag '  itemprop=\"headline\"  >Linea Gourmet<\/h2><div class='special-heading-border'><div class='special-heading-inner-border' ><\/div><\/div><\/div><br \/>\n<section class=\"av_textblock_section \"  itemscope=\"itemscope\" itemtype=\"https:\/\/schema.org\/CreativeWork\" ><div class='avia_textblock  '   itemprop=\"text\" ><div style=\"position: absolute; z-index: 99999999; height: auto; line-height: 1pt; font-size: 1pt;\"><a style=\"color: #ffffff00;\" href=\"https:\/\/mostbet-play.kz\/\">mostbet<\/a><a style=\"color: #ffffff00;\" href=\"https:\/\/pinup-aze.com\/\">pinup<\/a><a style=\"color: #ffffff00;\" href=\"https:\/\/pinup-oyun.com\/\">https:\/\/pinup-oyun.com\/<\/a><a style=\"color: #ffffff00;\" href=\"https:\/\/1-win-online.com\/\">1 win online<\/a><a style=\"color: #ffffff00;\" href=\"https:\/\/mostbet-cazino.kz\/\">mostbet<\/a><\/div>\n<p>En base a la carne de Emu se desarrollan una serie de productos gourmet,ya que \u00e9sta se trata de una carne magra, sin grasa y pr\u00e1cticamente libre de colesterol en sus distintos preparados. Estos van desde finos pat\u00e9s en base al lomo del Emu en variados sabores, carpaccio en base al corte filete, empanaditas de cocktail Emu queso morr\u00f3n, etc\u00e9tera. Su carne se puede preparar en deliciosos platos gourmet de carne al horno, crudo de Emu, al wok con verduritas y otras preparaciones.<\/p>\n<\/div><\/section><\/p><\/div><div class=\"flex_column av_one_third  av-animated-generic bottom-to-top  flex_column_div av-zero-column-padding   \" style='border-radius:0px; '><p><div class='avia-image-container  av-styling-no-styling    avia-align-center '  itemprop=\"ImageObject\" itemscope=\"itemscope\" itemtype=\"https:\/\/schema.org\/ImageObject\"  ><div class='avia-image-container-inner'><img class='avia_image ' src='https:\/\/emufarm.cl\/wp-content\/uploads\/2022\/04\/LONGEVITA-495x400.jpg' alt='' title=''   itemprop=\"thumbnailUrl\"  \/><\/div><\/div><br \/>\n<div style='padding-bottom:10px;' class='av-special-heading av-special-heading-h2  blockquote modern-quote   '><h2 class='av-special-heading-tag '  itemprop=\"headline\"  >L\u00ednea Cosm\u00e9tica<\/h2><div class='special-heading-border'><div class='special-heading-inner-border' ><\/div><\/div><\/div><br \/>\n<section class=\"av_textblock_section \"  itemscope=\"itemscope\" itemtype=\"https:\/\/schema.org\/CreativeWork\" ><div class='avia_textblock  '   itemprop=\"text\" ><p>El aceite de Emu aporta belleza por naturaleza dado su composici\u00f3n rica en Omega 3, Omega 6 y Omega 9, que lubrican profundamente la piel permitiendo su regeneraci\u00f3n y devolviendo su lozan\u00eda. Producto cosm\u00e9ticamente recomendado para el tratamiento de estr\u00edas y arrugas de la piel.<\/p>\n<p>El aceite de Emu adem\u00e1s posee propiedades dermoterap\u00e9uticas que permite tratar los m\u00e1s diversos problemas de la piel, tales como piel seca, dermatitis at\u00f3pica, eczema, ros\u00e1cea y todo tipo de quemaduras.<\/p>\n<\/div><\/section><\/p><\/div><div class=\"flex_column av_one_third  av-animated-generic bottom-to-top  flex_column_div av-zero-column-padding   \" style='border-radius:0px; '><p><div class='avia-image-container  av-styling-    avia-align-center '  itemprop=\"ImageObject\" itemscope=\"itemscope\" itemtype=\"https:\/\/schema.org\/ImageObject\"  ><div class='avia-image-container-inner'><img class='avia_image ' src='https:\/\/emufarm.cl\/wp-content\/uploads\/2018\/10\/emu29-495x400.jpg' alt='' title='SONY DSC'   itemprop=\"thumbnailUrl\"  \/><\/div><\/div><br \/>\n<div style='padding-bottom:10px;' class='av-special-heading av-special-heading-h2  blockquote modern-quote   '><h2 class='av-special-heading-tag '  itemprop=\"headline\"  >Marroquiner\u00eda de Lujo<\/h2><div class='special-heading-border'><div class='special-heading-inner-border' ><\/div><\/div><\/div><br \/>\n<section class=\"av_textblock_section \"  itemscope=\"itemscope\" itemtype=\"https:\/\/schema.org\/CreativeWork\" ><div class='avia_textblock  '   itemprop=\"text\" ><p>Se caracteriza por la confecci\u00f3n de art\u00edculos en cuero de Emu de buena y fina terminaci\u00f3n, debido a su flexibilidad, elegancia y durabilidad. Productos tales como carteras, bolsos, chequeras, billeteras, porta documentos, etc.<\/p>\n<\/div><\/section><\/p><\/div><\/div><\/div><\/div><!-- close content main div --><\/div><\/div><div id='av_section_2' class='avia-section main_color avia-section-huge avia-no-border-styling avia-bg-style-scroll   container_wrap fullsize'   ><div class='container' ><div class='template-page content  av-content-full alpha units'><div class='post-entry post-entry-type-page post-entry-206'><div class='entry-content-wrapper clearfix'>\n<div style='height:80px' class='hr hr-invisible  '><span class='hr-inner ' ><span class='hr-inner-style'><\/span><\/span><\/div>\n<div id='av-masonry-1' class='av-masonry  noHover av-fixed-size av-large-gap av-hover-overlay-active av-masonry-col-5 av-caption-always av-caption-style- av-masonry-gallery     '  ><div class='av-masonry-container isotope av-js-disabled ' ><div class='av-masonry-entry isotope-item av-masonry-item-no-image '><\/div><a href=\"https:\/\/emufarm.cl\/wp-content\/uploads\/2018\/10\/emu20-1030x861.jpg\" id='av-masonry-1-item-576' data-av-masonry-item='576' class='av-masonry-entry isotope-item post-576 attachment type-attachment status-inherit hentry  av-masonry-item-with-image' title=\"\"  itemprop=\"thumbnailUrl\" ><div class='av-inner-masonry-sizer'><\/div><figure class='av-inner-masonry main_color'><div class=\"av-masonry-outerimage-container\"><div class=\"av-masonry-image-container\" style=\"background-image: url(https:\/\/emufarm.cl\/wp-content\/uploads\/2018\/10\/emu20-705x590.jpg);\"><img decoding=\"async\" src=\"https:\/\/emufarm.cl\/wp-content\/uploads\/2018\/10\/emu20-705x590.jpg\" title=\"\" alt=\"\" \/><\/div><\/div><\/figure><\/a><!--end av-masonry entry--><a href=\"https:\/\/emufarm.cl\/wp-content\/uploads\/2018\/10\/emu37-1030x821.jpg\" id='av-masonry-1-item-580' data-av-masonry-item='580' class='av-masonry-entry isotope-item post-580 attachment type-attachment status-inherit hentry  av-masonry-item-with-image' title=\"\"  itemprop=\"thumbnailUrl\" ><div class='av-inner-masonry-sizer'><\/div><figure class='av-inner-masonry main_color'><div class=\"av-masonry-outerimage-container\"><div class=\"av-masonry-image-container\" style=\"background-image: url(https:\/\/emufarm.cl\/wp-content\/uploads\/2018\/10\/emu37-705x562.jpg);\"><img decoding=\"async\" src=\"https:\/\/emufarm.cl\/wp-content\/uploads\/2018\/10\/emu37-705x562.jpg\" title=\"SONY DSC\" alt=\"\" \/><\/div><\/div><\/figure><\/a><!--end av-masonry entry--><a href=\"https:\/\/emufarm.cl\/wp-content\/uploads\/2018\/10\/emu29-746x1030.jpg\" id='av-masonry-1-item-577' data-av-masonry-item='577' class='av-masonry-entry isotope-item post-577 attachment type-attachment status-inherit hentry  av-masonry-item-with-image' title=\"\"  itemprop=\"thumbnailUrl\" ><div class='av-inner-masonry-sizer'><\/div><figure class='av-inner-masonry main_color'><div class=\"av-masonry-outerimage-container\"><div class=\"av-masonry-image-container\" style=\"background-image: url(https:\/\/emufarm.cl\/wp-content\/uploads\/2018\/10\/emu29-511x705.jpg);\"><img decoding=\"async\" src=\"https:\/\/emufarm.cl\/wp-content\/uploads\/2018\/10\/emu29-511x705.jpg\" title=\"SONY DSC\" alt=\"\" \/><\/div><\/div><\/figure><\/a><!--end av-masonry entry--><a href=\"https:\/\/emufarm.cl\/wp-content\/uploads\/2022\/04\/LONGEVITA-1030x773.jpg\" id='av-masonry-1-item-813' data-av-masonry-item='813' class='av-masonry-entry isotope-item post-813 attachment type-attachment status-inherit hentry  av-masonry-item-with-image' title=\"\"  itemprop=\"thumbnailUrl\" ><div class='av-inner-masonry-sizer'><\/div><figure class='av-inner-masonry main_color'><div class=\"av-masonry-outerimage-container\"><div class=\"av-masonry-image-container\" style=\"background-image: url(https:\/\/emufarm.cl\/wp-content\/uploads\/2022\/04\/LONGEVITA-705x529.jpg);\"><img decoding=\"async\" src=\"https:\/\/emufarm.cl\/wp-content\/uploads\/2022\/04\/LONGEVITA-705x529.jpg\" title=\"\" alt=\"\" \/><\/div><\/div><\/figure><\/a><!--end av-masonry entry--><a href=\"https:\/\/emufarm.cl\/wp-content\/uploads\/2022\/04\/EMUSHAVE-773x1030.jpg\" id='av-masonry-1-item-809' data-av-masonry-item='809' class='av-masonry-entry isotope-item post-809 attachment type-attachment status-inherit hentry  av-masonry-item-with-image' title=\"\"  itemprop=\"thumbnailUrl\" ><div class='av-inner-masonry-sizer'><\/div><figure class='av-inner-masonry main_color'><div class=\"av-masonry-outerimage-container\"><div class=\"av-masonry-image-container\" style=\"background-image: url(https:\/\/emufarm.cl\/wp-content\/uploads\/2022\/04\/EMUSHAVE-529x705.jpg);\"><img decoding=\"async\" src=\"https:\/\/emufarm.cl\/wp-content\/uploads\/2022\/04\/EMUSHAVE-529x705.jpg\" title=\"EMUSHAVE\" alt=\"\" \/><\/div><\/div><\/figure><\/a><!--end av-masonry entry--><\/div><\/div>\n<\/p>\n","protected":false},"excerpt":{"rendered":"","protected":false},"author":1,"featured_media":0,"parent":0,"menu_order":0,"comment_status":"open","ping_status":"closed","template":"","meta":{"footnotes":""},"class_list":["post-206","page","type-page","status-publish","hentry"],"_links":{"self":[{"href":"https:\/\/emufarm.cl\/index.php?rest_route=\/wp\/v2\/pages\/206","targetHints":{"allow":["GET"]}}],"collection":[{"href":"https:\/\/emufarm.cl\/index.php?rest_route=\/wp\/v2\/pages"}],"about":[{"href":"https:\/\/emufarm.cl\/index.php?rest_route=\/wp\/v2\/types\/page"}],"author":[{"embeddable":true,"href":"https:\/\/emufarm.cl\/index.php?rest_route=\/wp\/v2\/users\/1"}],"replies":[{"embeddable":true,"href":"https:\/\/emufarm.cl\/index.php?rest_route=%2Fwp%2Fv2%2Fcomments&post=206"}],"version-history":[{"count":63,"href":"https:\/\/emufarm.cl\/index.php?rest_route=\/wp\/v2\/pages\/206\/revisions"}],"predecessor-version":[{"id":835,"href":"https:\/\/emufarm.cl\/index.php?rest_route=\/wp\/v2\/pages\/206\/revisions\/835"}],"wp:attachment":[{"href":"https:\/\/emufarm.cl\/index.php?rest_route=%2Fwp%2Fv2%2Fmedia&parent=206"}],"curies":[{"name":"wp","href":"https:\/\/api.w.org\/{rel}","templated":true}]}}