{"id":154,"date":"2015-07-16T09:12:44","date_gmt":"2015-07-16T09:12:44","guid":{"rendered":"http:\/\/test.kriesi.at\/minimal-portfolio\/?page_id=154"},"modified":"2022-04-22T18:47:52","modified_gmt":"2022-04-22T18:47:52","slug":"historia","status":"publish","type":"page","link":"https:\/\/emufarm.cl\/?page_id=154","title":{"rendered":"Historia"},"content":{"rendered":"<\/div><\/div><\/div><!-- close content main div --><\/div><\/div><div id='av_section_1' class='avia-section main_color avia-section-huge avia-no-border-styling avia-bg-style-scroll   container_wrap fullsize' style = 'background-color: #cecece; '  ><div class='container' ><div class='template-page content  av-content-full alpha units'><div class='post-entry post-entry-type-page post-entry-154'><div class='entry-content-wrapper clearfix'>\n<div class=\"flex_column av_one_half  av-animated-generic bottom-to-top  flex_column_div av-zero-column-padding first  \" style='border-radius:0px; '><p><div style='padding-bottom:10px;' class='av-special-heading av-special-heading-h1  blockquote modern-quote  '><h1 class='av-special-heading-tag '  itemprop=\"headline\"  >La Empresa, un Proyecto Visionario<\/h1><div class='special-heading-border'><div class='special-heading-inner-border' ><\/div><\/div><\/div><br \/>\n<section class=\"av_textblock_section \"  itemscope=\"itemscope\" itemtype=\"https:\/\/schema.org\/CreativeWork\" ><div class='avia_textblock  '   itemprop=\"text\" ><p style=\"font-weight: 400;\">En el a\u00f1o 2006 se inicia Emufarm Ltda., donde dos socios apostaron al desarrollo y producci\u00f3n del em\u00fa en la IV Regi\u00f3n. Transcurridos algunos a\u00f1os ha logrado posicionarse y dar cumplimiento a cada una de las actividades planteadas en sus inicios. Se logra crear alianzas estrat\u00e9gicas fundamentales para dar continuidad y desarrollo al proyecto.<\/p>\n<p style=\"font-weight: 400;\">Emufarm Ltda. es una empresa con capitales propios creada para la producci\u00f3n y comercializaci\u00f3n del Em\u00fa en la IV Regi\u00f3n de Coquimbo,Chile.<\/p>\n<p style=\"font-weight: 400;\">Su MISI\u00d3N es crear y desarrollar una empresa productora y comercializadora de em\u00fas y sus productos derivados, que cumpla con las normas de calidad exigidas en los mercados nacionales e internacionales.<\/p>\n<\/div><\/section><\/p><\/div><div class=\"flex_column av_one_half  av-animated-generic bottom-to-top  flex_column_div av-zero-column-padding   \" style='border-radius:0px; '><p><div style='padding-bottom:10px;' class='av-special-heading av-special-heading-h1  blockquote modern-quote  '><h1 class='av-special-heading-tag '  itemprop=\"headline\"  >The Enterprise, a Visionary Project<\/h1><div class='special-heading-border'><div class='special-heading-inner-border' ><\/div><\/div><\/div><br \/>\n<section class=\"av_textblock_section \"  itemscope=\"itemscope\" itemtype=\"https:\/\/schema.org\/CreativeWork\" ><div class='avia_textblock  '   itemprop=\"text\" ><p>Emufarm\u00a0\u00a0Ltd. commenced the year 2006 with two partners\u00a0\u00a0who commited to Emu production development in the IV Region . In few years their\u00a0\u00a0business\u00a0\u00a0has placed in the market\u00a0\u00a0\u00a0\u00a0and accomplished\u00a0\u00a0every one\u00a0\u00a0of the planne activities. Strategic\u00a0\u00a0alliances have been formed in order to continue\u00a0\u00a0developing\u00a0\u00a0this proyect .<\/p>\n<p>Emufarm Ltd. is an owner\u2019 s equity\u00a0\u00a0enterprise\u00a0\u00a0created for producing and marketing Emu in the Region of Coquimbo, Chile.<\/p>\n<p>The Enterprise\u00b4s main goal is creating and developing a trader and\u00a0\u00a0producer\u00a0\u00a0company\u00a0\u00a0standards\u00a0\u00a0exigency\u00a0\u00a0in national\u00a0\u00a0and\u00a0\u00a0international\u00a0\u00a0markets.<\/p>\n<\/div><\/section><\/p><\/div>\n\n<\/div><\/div><\/div><!-- close content main div --><\/div><\/div><div id='av-layout-grid-1' class='av-layout-grid-container entry-content-wrapper main_color av-flex-cells    container_wrap fullsize'   >\n<div class=\"flex_cell no_margin av_one_half   \" style='vertical-align:middle; padding:80px; '><div class='flex_cell_inner' ><div style='padding-bottom:10px;' class='av-special-heading av-special-heading-h2  blockquote modern-quote   '><h2 class='av-special-heading-tag '  itemprop=\"headline\"  >Marroquiner\u00eda fina<\/h2><div class='special-heading-border'><div class='special-heading-inner-border' ><\/div><\/div><\/div>\n<\/div><\/div><div class=\"flex_cell no_margin av_one_half   av-zero-padding \" style='vertical-align:bottom; padding:0px; background-color:#ffffff; '><div class='flex_cell_inner' ><div class='avia-image-container  av-styling-no-styling    avia-align-center '  itemprop=\"ImageObject\" itemscope=\"itemscope\" itemtype=\"https:\/\/schema.org\/ImageObject\"  ><div class='avia-image-container-inner'><img class='avia_image ' src='https:\/\/emufarm.cl\/wp-content\/uploads\/2018\/10\/emu30-249x300.jpg' alt='' title=''   itemprop=\"thumbnailUrl\"  \/><\/div><\/div>\n<\/div><\/div>\n<\/div>\n<\/div><\/div><\/div><!-- close content main div --><\/div><\/div><div id='av-layout-grid-2' class='av-layout-grid-container entry-content-wrapper main_color av-flex-cells    container_wrap fullsize'   >\n<div class=\"flex_cell no_margin av_one_half   av-zero-padding \" style='vertical-align:middle; padding:0px; background-color:#ffffff; '><div class='flex_cell_inner' ><div class='avia-image-container  av-styling-no-styling    avia-align-center '  itemprop=\"ImageObject\" itemscope=\"itemscope\" itemtype=\"https:\/\/schema.org\/ImageObject\"  ><div class='avia-image-container-inner'><img class='avia_image ' src='https:\/\/emufarm.cl\/wp-content\/uploads\/2022\/04\/EMUSHAVE-225x300.jpg' alt='' title='EMUSHAVE'   itemprop=\"thumbnailUrl\"  \/><\/div><\/div>\n<\/div><\/div><div class=\"flex_cell no_margin av_one_half   \" style='vertical-align:middle; padding:80px; '><div class='flex_cell_inner' ><div style='padding-bottom:10px;' class='av-special-heading av-special-heading-h2  blockquote modern-quote   '><h2 class='av-special-heading-tag '  itemprop=\"headline\"  >Cosm\u00e9tica<\/h2><div class='special-heading-border'><div class='special-heading-inner-border' ><\/div><\/div><\/div>\n<\/div><\/div><\/div><\/div><\/div><\/div><!-- close content main div --><\/div><\/div><div id='av-layout-grid-3' class='av-layout-grid-container entry-content-wrapper main_color av-flex-cells    container_wrap fullsize'   >\n<div class=\"flex_cell no_margin av_one_half   \" style='vertical-align:middle; padding:80px; '><div class='flex_cell_inner' ><div style='padding-bottom:10px;' class='av-special-heading av-special-heading-h2  blockquote modern-quote   '><h2 class='av-special-heading-tag '  itemprop=\"headline\"  >Productos gourmet<\/h2><div class='special-heading-border'><div class='special-heading-inner-border' ><\/div><\/div><\/div>\n<\/div><\/div><div class=\"flex_cell no_margin av_one_half   av-zero-padding \" style='vertical-align:middle; padding:0px; background-color:#ffffff; '><div class='flex_cell_inner' ><div class='avia-image-container  av-styling-no-styling    avia-align-center '  itemprop=\"ImageObject\" itemscope=\"itemscope\" itemtype=\"https:\/\/schema.org\/ImageObject\"  ><div class='avia-image-container-inner'><img class='avia_image ' src='https:\/\/emufarm.cl\/wp-content\/uploads\/2018\/10\/carpaccio-emu-300x227.jpg' alt='' title=''   itemprop=\"thumbnailUrl\"  \/><\/div><\/div>\n<\/div><\/div><\/div><\/div><\/div><\/div><!-- close content main div --><\/div><\/div><div id='av-layout-grid-4' class='av-layout-grid-container entry-content-wrapper main_color av-flex-cells    container_wrap fullsize'   >\n<div class=\"flex_cell no_margin av_one_half   av-zero-padding \" style='vertical-align:middle; padding:0px; background-color:#ffffff; '><div class='flex_cell_inner' ><div class='avia-image-container  av-styling-no-styling    avia-align-center '  itemprop=\"ImageObject\" itemscope=\"itemscope\" itemtype=\"https:\/\/schema.org\/ImageObject\"  ><div class='avia-image-container-inner'><img class='avia_image ' src='https:\/\/emufarm.cl\/wp-content\/uploads\/2018\/10\/emu-300x150.jpg' alt='' title=''   itemprop=\"thumbnailUrl\"  \/><\/div><\/div>\n<\/div><\/div><div class=\"flex_cell no_margin av_one_half   \" style='vertical-align:middle; padding:80px; '><div class='flex_cell_inner' ><div style='padding-bottom:10px;' class='av-special-heading av-special-heading-h2  blockquote modern-quote   '><h2 class='av-special-heading-tag '  itemprop=\"headline\"  >Decoraci\u00f3n<\/h2><div class='special-heading-border'><div class='special-heading-inner-border' ><\/div><\/div><\/div>\n<\/div><\/div><\/div><\/p>\n","protected":false},"excerpt":{"rendered":"","protected":false},"author":1,"featured_media":0,"parent":0,"menu_order":0,"comment_status":"open","ping_status":"open","template":"","meta":{"footnotes":""},"class_list":["post-154","page","type-page","status-publish","hentry"],"_links":{"self":[{"href":"https:\/\/emufarm.cl\/index.php?rest_route=\/wp\/v2\/pages\/154","targetHints":{"allow":["GET"]}}],"collection":[{"href":"https:\/\/emufarm.cl\/index.php?rest_route=\/wp\/v2\/pages"}],"about":[{"href":"https:\/\/emufarm.cl\/index.php?rest_route=\/wp\/v2\/types\/page"}],"author":[{"embeddable":true,"href":"https:\/\/emufarm.cl\/index.php?rest_route=\/wp\/v2\/users\/1"}],"replies":[{"embeddable":true,"href":"https:\/\/emufarm.cl\/index.php?rest_route=%2Fwp%2Fv2%2Fcomments&post=154"}],"version-history":[{"count":13,"href":"https:\/\/emufarm.cl\/index.php?rest_route=\/wp\/v2\/pages\/154\/revisions"}],"predecessor-version":[{"id":821,"href":"https:\/\/emufarm.cl\/index.php?rest_route=\/wp\/v2\/pages\/154\/revisions\/821"}],"wp:attachment":[{"href":"https:\/\/emufarm.cl\/index.php?rest_route=%2Fwp%2Fv2%2Fmedia&parent=154"}],"curies":[{"name":"wp","href":"https:\/\/api.w.org\/{rel}","templated":true}]}}